{"id":1526,"date":"2025-08-29T22:51:13","date_gmt":"2025-08-29T22:51:13","guid":{"rendered":"https:\/\/geovortexsolutions.com\/?page_id=1526"},"modified":"2025-09-12T01:00:03","modified_gmt":"2025-09-12T01:00:03","slug":"certifications-compliance","status":"publish","type":"page","link":"https:\/\/geovortexsolutions.com\/es\/certifications-compliance\/","title":{"rendered":"Certificaciones y Cumplimientos"},"content":{"rendered":"<div data-elementor-type=\"wp-post\" data-elementor-id=\"1526\" class=\"elementor elementor-1526\" data-elementor-post-type=\"page\">\n\t\t\t\t<div class=\"elementor-element elementor-element-d498350 e-flex e-con-boxed e-con e-parent\" data-id=\"d498350\" data-element_type=\"container\" data-settings=\"{&quot;background_background&quot;:&quot;classic&quot;}\">\n\t\t\t\t\t<div class=\"e-con-inner\">\n\t\t<div class=\"elementor-element elementor-element-9598dd3 e-con-full e-flex e-con e-child\" data-id=\"9598dd3\" data-element_type=\"container\">\n\t\t\t\t<div class=\"elementor-element elementor-element-13ed86a elementor-widget elementor-widget-heading\" data-id=\"13ed86a\" data-element_type=\"widget\" data-widget_type=\"heading.default\">\n\t\t\t\t<div class=\"elementor-widget-container\">\n\t\t\t\t\t<h1 class=\"elementor-heading-title elementor-size-default\">Certificaciones y Cumplimientos<\/h1>\t\t\t\t<\/div>\n\t\t\t\t<\/div>\n\t\t<div class=\"elementor-element elementor-element-bb62cd9 e-con-full e-flex e-con e-child\" data-id=\"bb62cd9\" data-element_type=\"container\">\n\t\t\t\t<\/div>\n\t\t\t\t<\/div>\n\t\t\t\t\t<\/div>\n\t\t\t\t<\/div>\n\t\t\t\t<section class=\"elementor-section elementor-top-section elementor-element elementor-element-dqffjdu elementor-section-content-top elementor-section-boxed elementor-section-height-default elementor-section-height-default\" data-id=\"dqffjdu\" data-element_type=\"section\" data-settings=\"{&quot;background_background&quot;:&quot;classic&quot;}\">\n\t\t\t\t\t\t\t<div class=\"elementor-background-overlay\"><\/div>\n\t\t\t\t\t\t\t<div class=\"elementor-container elementor-column-gap-no\">\n\t\t\t\t\t<div class=\"elementor-column elementor-col-100 elementor-top-column elementor-element elementor-element-51e9076\" data-id=\"51e9076\" data-element_type=\"column\">\n\t\t\t<div class=\"elementor-widget-wrap elementor-element-populated\">\n\t\t\t\t\t\t<section class=\"elementor-section elementor-inner-section elementor-element elementor-element-ee4d600 elementor-section-boxed elementor-section-height-default elementor-section-height-default\" data-id=\"ee4d600\" data-element_type=\"section\">\n\t\t\t\t\t\t<div class=\"elementor-container elementor-column-gap-default\">\n\t\t\t\t\t<div class=\"elementor-column elementor-col-50 elementor-inner-column elementor-element elementor-element-d6daa70\" data-id=\"d6daa70\" data-element_type=\"column\">\n\t\t\t<div class=\"elementor-widget-wrap elementor-element-populated\">\n\t\t\t\t\t\t<div class=\"elementor-element elementor-element-f34875c elementor-widget elementor-widget-spacer\" data-id=\"f34875c\" data-element_type=\"widget\" data-widget_type=\"spacer.default\">\n\t\t\t\t<div class=\"elementor-widget-container\">\n\t\t\t\t\t\t\t<div class=\"elementor-spacer\">\n\t\t\t<div class=\"elementor-spacer-inner\"><\/div>\n\t\t<\/div>\n\t\t\t\t\t\t<\/div>\n\t\t\t\t<\/div>\n\t\t\t\t<div class=\"elementor-element elementor-element-27912c3 elementor-vertical-align-top elementor-widget elementor-widget-image-box\" data-id=\"27912c3\" data-element_type=\"widget\" data-widget_type=\"image-box.default\">\n\t\t\t\t<div class=\"elementor-widget-container\">\n\t\t\t\t\t<div class=\"elementor-image-box-wrapper\"><div class=\"elementor-image-box-content\"><p class=\"elementor-image-box-description\">GeoVortex Solutions (GVS) es un contratista registrado en ISNetworld y mantiene un estado de cumplimiento de grado \"A\", lo que garantiza la alineaci\u00f3n con los requisitos del cliente en materia de HSE, seguros y desempe\u00f1o.<\/p><\/div><\/div>\t\t\t\t<\/div>\n\t\t\t\t<\/div>\n\t\t\t\t\t<\/div>\n\t\t<\/div>\n\t\t\t\t<div class=\"elementor-column elementor-col-50 elementor-inner-column elementor-element elementor-element-ea29147\" data-id=\"ea29147\" data-element_type=\"column\">\n\t\t\t<div class=\"elementor-widget-wrap elementor-element-populated\">\n\t\t\t\t\t\t<div class=\"elementor-element elementor-element-5781263 elementor-widget elementor-widget-image\" data-id=\"5781263\" data-element_type=\"widget\" data-widget_type=\"image.default\">\n\t\t\t\t<div class=\"elementor-widget-container\">\n\t\t\t\t\t\t\t\t\t\t\t\t\t\t\t<img fetchpriority=\"high\" decoding=\"async\" width=\"1024\" height=\"574\" src=\"https:\/\/geovortexsolutions.com\/wp-content\/uploads\/2025\/08\/ISN_logo_GVS-1024x574.png\" class=\"attachment-large size-large wp-image-1640\" alt=\"\" srcset=\"https:\/\/geovortexsolutions.com\/wp-content\/uploads\/2025\/08\/ISN_logo_GVS-1024x574.png 1024w, https:\/\/geovortexsolutions.com\/wp-content\/uploads\/2025\/08\/ISN_logo_GVS-300x168.png 300w, https:\/\/geovortexsolutions.com\/wp-content\/uploads\/2025\/08\/ISN_logo_GVS-768x431.png 768w, https:\/\/geovortexsolutions.com\/wp-content\/uploads\/2025\/08\/ISN_logo_GVS-1536x861.png 1536w, https:\/\/geovortexsolutions.com\/wp-content\/uploads\/2025\/08\/ISN_logo_GVS-2048x1148.png 2048w\" sizes=\"(max-width: 1024px) 100vw, 1024px\" \/>\t\t\t\t\t\t\t\t\t\t\t\t\t\t\t<\/div>\n\t\t\t\t<\/div>\n\t\t\t\t\t<\/div>\n\t\t<\/div>\n\t\t\t\t\t<\/div>\n\t\t<\/section>\n\t\t\t\t\t<\/div>\n\t\t<\/div>\n\t\t\t\t\t<\/div>\n\t\t<\/section>\n\t\t<div class=\"elementor-element elementor-element-bcaf74e e-flex e-con-boxed e-con e-parent\" data-id=\"bcaf74e\" data-element_type=\"container\" data-settings=\"{&quot;background_background&quot;:&quot;classic&quot;}\">\n\t\t\t\t\t<div class=\"e-con-inner\">\n\t\t<div class=\"elementor-element elementor-element-cef23ca e-con-full e-flex e-con e-child\" data-id=\"cef23ca\" data-element_type=\"container\">\n\t\t\t\t<div class=\"elementor-element elementor-element-6efe4a3 elementor-widget elementor-widget-image\" data-id=\"6efe4a3\" data-element_type=\"widget\" data-widget_type=\"image.default\">\n\t\t\t\t<div class=\"elementor-widget-container\">\n\t\t\t\t\t\t\t\t\t\t\t\t\t\t\t<img decoding=\"async\" width=\"2560\" height=\"1435\" src=\"https:\/\/geovortexsolutions.com\/wp-content\/uploads\/2025\/08\/osha.jpg\" class=\"attachment-full size-full wp-image-1536\" alt=\"\" srcset=\"https:\/\/geovortexsolutions.com\/wp-content\/uploads\/2025\/08\/osha.jpg 2560w, https:\/\/geovortexsolutions.com\/wp-content\/uploads\/2025\/08\/osha-300x168.jpg 300w, https:\/\/geovortexsolutions.com\/wp-content\/uploads\/2025\/08\/osha-1024x574.jpg 1024w, https:\/\/geovortexsolutions.com\/wp-content\/uploads\/2025\/08\/osha-768x431.jpg 768w, https:\/\/geovortexsolutions.com\/wp-content\/uploads\/2025\/08\/osha-1536x861.jpg 1536w, https:\/\/geovortexsolutions.com\/wp-content\/uploads\/2025\/08\/osha-2048x1148.jpg 2048w\" sizes=\"(max-width: 2560px) 100vw, 2560px\" \/>\t\t\t\t\t\t\t\t\t\t\t\t\t\t\t<\/div>\n\t\t\t\t<\/div>\n\t\t\t\t<\/div>\n\t\t<div class=\"elementor-element elementor-element-a169617 e-con-full e-flex e-con e-child\" data-id=\"a169617\" data-element_type=\"container\">\n\t\t\t\t<div class=\"elementor-element elementor-element-fa361e1 elementor-widget elementor-widget-spacer\" data-id=\"fa361e1\" data-element_type=\"widget\" data-widget_type=\"spacer.default\">\n\t\t\t\t<div class=\"elementor-widget-container\">\n\t\t\t\t\t\t\t<div class=\"elementor-spacer\">\n\t\t\t<div class=\"elementor-spacer-inner\"><\/div>\n\t\t<\/div>\n\t\t\t\t\t\t<\/div>\n\t\t\t\t<\/div>\n\t\t\t\t<div class=\"elementor-element elementor-element-4f93f69 elementor-widget elementor-widget-text-editor\" data-id=\"4f93f69\" data-element_type=\"widget\" data-widget_type=\"text-editor.default\">\n\t\t\t\t<div class=\"elementor-widget-container\">\n\t\t\t\t\t\t\t\t\t<p>Cumplimos con las normas de OSHA, garantizando que todas las operaciones se realicen en total cumplimiento con las regulaciones de salud y seguridad ocupacional de EE. UU. Nuestro compromiso con las directrices de OSHA refleja nuestra dedicaci\u00f3n a proteger a los trabajadores, minimizar los riesgos y fomentar un entorno seguro y productivo en cada proyecto.\u00a0<\/p>\t\t\t\t\t\t\t\t<\/div>\n\t\t\t\t<\/div>\n\t\t\t\t<\/div>\n\t\t\t\t\t<\/div>\n\t\t\t\t<\/div>\n\t\t<div class=\"elementor-element elementor-element-5a30b9b elementor-hidden-desktop elementor-hidden-tablet e-flex e-con-boxed e-con e-parent\" data-id=\"5a30b9b\" data-element_type=\"container\" data-settings=\"{&quot;background_background&quot;:&quot;classic&quot;}\">\n\t\t\t\t\t<div class=\"e-con-inner\">\n\t\t<div class=\"elementor-element elementor-element-9f313c7 e-con-full e-flex e-con e-child\" data-id=\"9f313c7\" data-element_type=\"container\">\n\t\t\t\t<div class=\"elementor-element elementor-element-c314980 elementor-widget elementor-widget-image\" data-id=\"c314980\" data-element_type=\"widget\" data-widget_type=\"image.default\">\n\t\t\t\t<div class=\"elementor-widget-container\">\n\t\t\t\t\t\t\t\t\t\t\t\t\t\t\t<img decoding=\"async\" width=\"2560\" height=\"1435\" src=\"https:\/\/geovortexsolutions.com\/wp-content\/uploads\/2025\/08\/api_logo_SVG.png\" class=\"attachment-full size-full wp-image-1544\" alt=\"\" srcset=\"https:\/\/geovortexsolutions.com\/wp-content\/uploads\/2025\/08\/api_logo_SVG.png 2560w, https:\/\/geovortexsolutions.com\/wp-content\/uploads\/2025\/08\/api_logo_SVG-300x168.png 300w, https:\/\/geovortexsolutions.com\/wp-content\/uploads\/2025\/08\/api_logo_SVG-1024x574.png 1024w, https:\/\/geovortexsolutions.com\/wp-content\/uploads\/2025\/08\/api_logo_SVG-768x431.png 768w, https:\/\/geovortexsolutions.com\/wp-content\/uploads\/2025\/08\/api_logo_SVG-1536x861.png 1536w, https:\/\/geovortexsolutions.com\/wp-content\/uploads\/2025\/08\/api_logo_SVG-2048x1148.png 2048w\" sizes=\"(max-width: 2560px) 100vw, 2560px\" \/>\t\t\t\t\t\t\t\t\t\t\t\t\t\t\t<\/div>\n\t\t\t\t<\/div>\n\t\t\t\t<\/div>\n\t\t<div class=\"elementor-element elementor-element-b92bebc e-con-full e-flex e-con e-child\" data-id=\"b92bebc\" data-element_type=\"container\">\n\t\t\t\t<div class=\"elementor-element elementor-element-3948108 elementor-hidden-desktop elementor-hidden-tablet elementor-widget elementor-widget-text-editor\" data-id=\"3948108\" data-element_type=\"widget\" data-widget_type=\"text-editor.default\">\n\t\t\t\t<div class=\"elementor-widget-container\">\n\t\t\t\t\t\t\t\t\t<p>GeoVortex Solutions (GVS) aligns with API standards to ensure the highest levels of technical excellence, reliability, and safety in all petroleum-related operations. By following API guidelines, we guarantee that our practices meet global industry benchmarks, supporting efficiency, integrity, and operational consistency across every project.<\/p>\t\t\t\t\t\t\t\t<\/div>\n\t\t\t\t<\/div>\n\t\t\t\t<\/div>\n\t\t\t\t\t<\/div>\n\t\t\t\t<\/div>\n\t\t<div class=\"elementor-element elementor-element-aa5cc02 elementor-hidden-mobile e-flex e-con-boxed e-con e-parent\" data-id=\"aa5cc02\" data-element_type=\"container\" data-settings=\"{&quot;background_background&quot;:&quot;classic&quot;}\">\n\t\t\t\t\t<div class=\"e-con-inner\">\n\t\t<div class=\"elementor-element elementor-element-5f5109d e-con-full e-flex e-con e-child\" data-id=\"5f5109d\" data-element_type=\"container\">\n\t\t\t\t<div class=\"elementor-element elementor-element-5159094 elementor-widget elementor-widget-spacer\" data-id=\"5159094\" data-element_type=\"widget\" data-widget_type=\"spacer.default\">\n\t\t\t\t<div class=\"elementor-widget-container\">\n\t\t\t\t\t\t\t<div class=\"elementor-spacer\">\n\t\t\t<div class=\"elementor-spacer-inner\"><\/div>\n\t\t<\/div>\n\t\t\t\t\t\t<\/div>\n\t\t\t\t<\/div>\n\t\t\t\t<div class=\"elementor-element elementor-element-b83a5f9 elementor-widget elementor-widget-text-editor\" data-id=\"b83a5f9\" data-element_type=\"widget\" data-widget_type=\"text-editor.default\">\n\t\t\t\t<div class=\"elementor-widget-container\">\n\t\t\t\t\t\t\t\t\t<p>GVS cumple con los est\u00e1ndares API para alcanzar los m\u00e1s altos niveles de excelencia t\u00e9cnica, confiabilidad y seguridad en todas las operaciones relacionadas con el petr\u00f3leo. Al seguir las directrices API, garantizamos que nuestras pr\u00e1cticas cumplen con los est\u00e1ndares globales de la industria, lo que promueve la eficiencia, la integridad y la consistencia operativa en cada proyecto.<\/p>\t\t\t\t\t\t\t\t<\/div>\n\t\t\t\t<\/div>\n\t\t\t\t<\/div>\n\t\t<div class=\"elementor-element elementor-element-dcdace5 e-con-full e-flex e-con e-child\" data-id=\"dcdace5\" data-element_type=\"container\">\n\t\t\t\t<div class=\"elementor-element elementor-element-aed2cab elementor-widget elementor-widget-image\" data-id=\"aed2cab\" data-element_type=\"widget\" data-widget_type=\"image.default\">\n\t\t\t\t<div class=\"elementor-widget-container\">\n\t\t\t\t\t\t\t\t\t\t\t\t\t\t\t<img decoding=\"async\" width=\"2560\" height=\"1435\" src=\"https:\/\/geovortexsolutions.com\/wp-content\/uploads\/2025\/08\/api_logo_SVG.png\" class=\"attachment-full size-full wp-image-1544\" alt=\"\" srcset=\"https:\/\/geovortexsolutions.com\/wp-content\/uploads\/2025\/08\/api_logo_SVG.png 2560w, https:\/\/geovortexsolutions.com\/wp-content\/uploads\/2025\/08\/api_logo_SVG-300x168.png 300w, https:\/\/geovortexsolutions.com\/wp-content\/uploads\/2025\/08\/api_logo_SVG-1024x574.png 1024w, https:\/\/geovortexsolutions.com\/wp-content\/uploads\/2025\/08\/api_logo_SVG-768x431.png 768w, https:\/\/geovortexsolutions.com\/wp-content\/uploads\/2025\/08\/api_logo_SVG-1536x861.png 1536w, https:\/\/geovortexsolutions.com\/wp-content\/uploads\/2025\/08\/api_logo_SVG-2048x1148.png 2048w\" sizes=\"(max-width: 2560px) 100vw, 2560px\" \/>\t\t\t\t\t\t\t\t\t\t\t\t\t\t\t<\/div>\n\t\t\t\t<\/div>\n\t\t\t\t<\/div>\n\t\t\t\t\t<\/div>\n\t\t\t\t<\/div>\n\t\t<div class=\"elementor-element elementor-element-90a4d66 e-flex e-con-boxed e-con e-parent\" data-id=\"90a4d66\" data-element_type=\"container\" data-settings=\"{&quot;background_background&quot;:&quot;classic&quot;}\">\n\t\t\t\t\t<div class=\"e-con-inner\">\n\t\t<div class=\"elementor-element elementor-element-a9e7f96 e-con-full e-flex e-con e-child\" data-id=\"a9e7f96\" data-element_type=\"container\">\n\t\t\t\t<div class=\"elementor-element elementor-element-614312b elementor-widget elementor-widget-image\" data-id=\"614312b\" data-element_type=\"widget\" data-widget_type=\"image.default\">\n\t\t\t\t<div class=\"elementor-widget-container\">\n\t\t\t\t\t\t\t\t\t\t\t\t\t\t\t<img loading=\"lazy\" decoding=\"async\" width=\"2560\" height=\"1435\" src=\"https:\/\/geovortexsolutions.com\/wp-content\/uploads\/2025\/08\/ISO27001_logo_GVS-1.jpg\" class=\"attachment-full size-full wp-image-1638\" alt=\"\" srcset=\"https:\/\/geovortexsolutions.com\/wp-content\/uploads\/2025\/08\/ISO27001_logo_GVS-1.jpg 2560w, https:\/\/geovortexsolutions.com\/wp-content\/uploads\/2025\/08\/ISO27001_logo_GVS-1-300x168.jpg 300w, https:\/\/geovortexsolutions.com\/wp-content\/uploads\/2025\/08\/ISO27001_logo_GVS-1-1024x574.jpg 1024w, https:\/\/geovortexsolutions.com\/wp-content\/uploads\/2025\/08\/ISO27001_logo_GVS-1-768x431.jpg 768w, https:\/\/geovortexsolutions.com\/wp-content\/uploads\/2025\/08\/ISO27001_logo_GVS-1-1536x861.jpg 1536w, https:\/\/geovortexsolutions.com\/wp-content\/uploads\/2025\/08\/ISO27001_logo_GVS-1-2048x1148.jpg 2048w\" sizes=\"(max-width: 2560px) 100vw, 2560px\" \/>\t\t\t\t\t\t\t\t\t\t\t\t\t\t\t<\/div>\n\t\t\t\t<\/div>\n\t\t\t\t<\/div>\n\t\t<div class=\"elementor-element elementor-element-ccf75a0 e-con-full e-flex e-con e-child\" data-id=\"ccf75a0\" data-element_type=\"container\">\n\t\t\t\t<div class=\"elementor-element elementor-element-5b1d9d6 elementor-widget elementor-widget-spacer\" data-id=\"5b1d9d6\" data-element_type=\"widget\" data-widget_type=\"spacer.default\">\n\t\t\t\t<div class=\"elementor-widget-container\">\n\t\t\t\t\t\t\t<div class=\"elementor-spacer\">\n\t\t\t<div class=\"elementor-spacer-inner\"><\/div>\n\t\t<\/div>\n\t\t\t\t\t\t<\/div>\n\t\t\t\t<\/div>\n\t\t\t\t<div class=\"elementor-element elementor-element-469415d elementor-widget elementor-widget-text-editor\" data-id=\"469415d\" data-element_type=\"widget\" data-widget_type=\"text-editor.default\">\n\t\t\t\t<div class=\"elementor-widget-container\">\n\t\t\t\t\t\t\t\t\t<p>Nuestra empresa se compromete a mantener la norma ISO\/IEC 27001, el marco internacional l\u00edder para la gesti\u00f3n de la seguridad de la informaci\u00f3n. Esta alineaci\u00f3n garantiza que los datos confidenciales de los clientes, los informes operativos y las comunicaciones est\u00e9n protegidos con los m\u00e1s altos niveles de confidencialidad, integridad y disponibilidad, lo que refuerza la confianza y el cumplimiento normativo en todos los aspectos de nuestro negocio.<\/p>\t\t\t\t\t\t\t\t<\/div>\n\t\t\t\t<\/div>\n\t\t\t\t<\/div>\n\t\t\t\t\t<\/div>\n\t\t\t\t<\/div>\n\t\t<div class=\"elementor-element elementor-element-0787bb8 e-flex e-con-boxed e-con e-parent\" data-id=\"0787bb8\" data-element_type=\"container\">\n\t\t\t\t\t<div class=\"e-con-inner\">\n\t\t<div class=\"elementor-element elementor-element-c9c0ef2 e-con-full e-flex e-con e-child\" data-id=\"c9c0ef2\" data-element_type=\"container\">\n\t\t\t\t<div class=\"elementor-element elementor-element-3d1f41e elementor-widget elementor-widget-heading\" data-id=\"3d1f41e\" data-element_type=\"widget\" data-widget_type=\"heading.default\">\n\t\t\t\t<div class=\"elementor-widget-container\">\n\t\t\t\t\t<h3 class=\"elementor-heading-title elementor-size-default\">\u00bfNecesitas soluciones industriales m\u00e1s sencillas? \u00a1Somos expertos!<\/h3>\t\t\t\t<\/div>\n\t\t\t\t<\/div>\n\t\t\t\t<\/div>\n\t\t<div class=\"elementor-element elementor-element-2d159bb e-con-full e-flex e-con e-child\" data-id=\"2d159bb\" data-element_type=\"container\">\n\t\t\t\t<div class=\"elementor-element elementor-element-46a70aa elementor-align-right elementor-widget elementor-widget-button\" data-id=\"46a70aa\" data-element_type=\"widget\" data-widget_type=\"button.default\">\n\t\t\t\t<div class=\"elementor-widget-container\">\n\t\t\t\t\t\t\t\t\t<div class=\"elementor-button-wrapper\">\n\t\t\t\t\t<a class=\"elementor-button elementor-button-link elementor-size-sm\" href=\"https:\/\/geovortexsolutions.com\/es\/contact\/\">\n\t\t\t\t\t\t<span class=\"elementor-button-content-wrapper\">\n\t\t\t\t\t\t\t\t\t<span class=\"elementor-button-text\">Ponte en contacto<\/span>\n\t\t\t\t\t<\/span>\n\t\t\t\t\t<\/a>\n\t\t\t\t<\/div>\n\t\t\t\t\t\t\t\t<\/div>\n\t\t\t\t<\/div>\n\t\t\t\t<\/div>\n\t\t\t\t\t<\/div>\n\t\t\t\t<\/div>\n\t\t\t\t<\/div>","protected":false},"excerpt":{"rendered":"<p>Certifications &amp; Compliance GeoVortex Solutions (GVS) is a registered contractor with ISNetworld and maintains an \u2018A\u2019 grade compliance status, ensuring alignment with client requirements for HSE, insurance, and performance. We adhere to OSHA standards, ensuring that all operations are conducted in full compliance with U.S. occupational health and safety regulations. Our commitment to OSHA guidelines [&hellip;]<\/p>","protected":false},"author":1,"featured_media":0,"parent":0,"menu_order":0,"comment_status":"closed","ping_status":"closed","template":"","meta":{"site-sidebar-layout":"no-sidebar","site-content-layout":"page-builder","ast-site-content-layout":"full-width-container","site-content-style":"unboxed","site-sidebar-style":"unboxed","ast-global-header-display":"","ast-banner-title-visibility":"","ast-main-header-display":"","ast-hfb-above-header-display":"","ast-hfb-below-header-display":"","ast-hfb-mobile-header-display":"","site-post-title":"disabled","ast-breadcrumbs-content":"","ast-featured-img":"disabled","footer-sml-layout":"","theme-transparent-header-meta":"enabled","adv-header-id-meta":"","stick-header-meta":"","header-above-stick-meta":"","header-main-stick-meta":"","header-below-stick-meta":"","astra-migrate-meta-layouts":"set","ast-page-background-enabled":"default","ast-page-background-meta":{"desktop":{"background-color":"","background-image":"","background-repeat":"repeat","background-position":"center center","background-size":"auto","background-attachment":"scroll","background-type":"","background-media":"","overlay-type":"","overlay-color":"","overlay-opacity":"","overlay-gradient":""},"tablet":{"background-color":"","background-image":"","background-repeat":"repeat","background-position":"center center","background-size":"auto","background-attachment":"scroll","background-type":"","background-media":"","overlay-type":"","overlay-color":"","overlay-opacity":"","overlay-gradient":""},"mobile":{"background-color":"","background-image":"","background-repeat":"repeat","background-position":"center center","background-size":"auto","background-attachment":"scroll","background-type":"","background-media":"","overlay-type":"","overlay-color":"","overlay-opacity":"","overlay-gradient":""}},"ast-content-background-meta":{"desktop":{"background-color":"var(--ast-global-color-5)","background-image":"","background-repeat":"repeat","background-position":"center center","background-size":"auto","background-attachment":"scroll","background-type":"","background-media":"","overlay-type":"","overlay-color":"","overlay-opacity":"","overlay-gradient":""},"tablet":{"background-color":"var(--ast-global-color-5)","background-image":"","background-repeat":"repeat","background-position":"center center","background-size":"auto","background-attachment":"scroll","background-type":"","background-media":"","overlay-type":"","overlay-color":"","overlay-opacity":"","overlay-gradient":""},"mobile":{"background-color":"var(--ast-global-color-5)","background-image":"","background-repeat":"repeat","background-position":"center center","background-size":"auto","background-attachment":"scroll","background-type":"","background-media":"","overlay-type":"","overlay-color":"","overlay-opacity":"","overlay-gradient":""}},"footnotes":""},"class_list":["post-1526","page","type-page","status-publish","hentry"],"_links":{"self":[{"href":"https:\/\/geovortexsolutions.com\/es\/wp-json\/wp\/v2\/pages\/1526","targetHints":{"allow":["GET"]}}],"collection":[{"href":"https:\/\/geovortexsolutions.com\/es\/wp-json\/wp\/v2\/pages"}],"about":[{"href":"https:\/\/geovortexsolutions.com\/es\/wp-json\/wp\/v2\/types\/page"}],"author":[{"embeddable":true,"href":"https:\/\/geovortexsolutions.com\/es\/wp-json\/wp\/v2\/users\/1"}],"replies":[{"embeddable":true,"href":"https:\/\/geovortexsolutions.com\/es\/wp-json\/wp\/v2\/comments?post=1526"}],"version-history":[{"count":97,"href":"https:\/\/geovortexsolutions.com\/es\/wp-json\/wp\/v2\/pages\/1526\/revisions"}],"predecessor-version":[{"id":1696,"href":"https:\/\/geovortexsolutions.com\/es\/wp-json\/wp\/v2\/pages\/1526\/revisions\/1696"}],"wp:attachment":[{"href":"https:\/\/geovortexsolutions.com\/es\/wp-json\/wp\/v2\/media?parent=1526"}],"curies":[{"name":"wp","href":"https:\/\/api.w.org\/{rel}","templated":true}]}}